{"id":41,"date":"2025-12-15T03:08:00","date_gmt":"2025-12-15T03:08:00","guid":{"rendered":"https:\/\/idealabs.cl\/arte\/inicio\/"},"modified":"2025-12-15T03:08:06","modified_gmt":"2025-12-15T03:08:06","slug":"inicio","status":"publish","type":"page","link":"https:\/\/idealabs.cl\/arte\/","title":{"rendered":"Inicio"},"content":{"rendered":"\t\t<div data-elementor-type=\"wp-page\" data-elementor-id=\"41\" class=\"elementor elementor-41\">\n\t\t\t\t<div class=\"elementor-element elementor-element-710dff17 e-con-full e-flex e-con e-parent\" data-id=\"710dff17\" data-element_type=\"container\" data-settings=\"{&quot;background_background&quot;:&quot;classic&quot;}\">\n\t\t<div class=\"elementor-element elementor-element-50e435ba e-con-full e-flex e-con e-child\" data-id=\"50e435ba\" data-element_type=\"container\">\n\t\t\t\t<div class=\"elementor-element elementor-element-46fb06b0 elementor-widget elementor-widget-heading\" data-id=\"46fb06b0\" data-element_type=\"widget\" data-widget_type=\"heading.default\">\n\t\t\t\t\t<h1 class=\"elementor-heading-title elementor-size-default\">Descubre la belleza del arte contempor\u00e1neo<\/h1>\t\t\t\t<\/div>\n\t\t\t\t<div class=\"elementor-element elementor-element-3a92aceb elementor-widget elementor-widget-heading\" data-id=\"3a92aceb\" data-element_type=\"widget\" data-widget_type=\"heading.default\">\n\t\t\t\t\t<h5 class=\"elementor-heading-title elementor-size-default\">Bienvenido a mi galer\u00eda, un espacio dedicado a mis obras en tinta, acuarela y t\u00e9cnicas mixtas. Te invito a explorar y conectar con cada pieza.<\/h5>\t\t\t\t<\/div>\n\t\t\t\t<div class=\"elementor-element elementor-element-710059c0 elementor-widget__width-auto elementor-align-center elementor-widget elementor-widget-button\" data-id=\"710059c0\" data-element_type=\"widget\" data-widget_type=\"button.default\">\n\t\t\t\t\t\t\t\t\t\t<a class=\"elementor-button elementor-button-link elementor-size-sm\" href=\"#\">\n\t\t\t\t\t\t<span class=\"elementor-button-content-wrapper\">\n\t\t\t\t\t\t\t\t\t<span class=\"elementor-button-text\">Explora ahora<\/span>\n\t\t\t\t\t<\/span>\n\t\t\t\t\t<\/a>\n\t\t\t\t\t\t\t\t<\/div>\n\t\t\t\t<\/div>\n\t\t\t\t<\/div>\n\t\t<div class=\"elementor-element elementor-element-2f563a6b e-flex e-con-boxed e-con e-parent\" data-id=\"2f563a6b\" data-element_type=\"container\">\n\t\t\t\t\t<div class=\"e-con-inner\">\n\t\t<div class=\"elementor-element elementor-element-25b542d3 e-flex e-con-boxed e-con e-child\" data-id=\"25b542d3\" data-element_type=\"container\">\n\t\t\t\t\t<div class=\"e-con-inner\">\n\t\t\t\t\t<\/div>\n\t\t\t\t<\/div>\n\t\t<div class=\"elementor-element elementor-element-195d4ad2 e-con-full e-flex e-con e-child\" data-id=\"195d4ad2\" data-element_type=\"container\">\n\t\t\t\t<div class=\"elementor-element elementor-element-74a84873 elementor-widget elementor-widget-heading\" data-id=\"74a84873\" data-element_type=\"widget\" data-widget_type=\"heading.default\">\n\t\t\t\t\t<h1 class=\"elementor-heading-title elementor-size-default\">Sobre el Artista<\/h1>\t\t\t\t<\/div>\n\t\t\t\t<div class=\"elementor-element elementor-element-7ae78233 elementor-widget elementor-widget-text-editor\" data-id=\"7ae78233\" data-element_type=\"widget\" data-widget_type=\"text-editor.default\">\n\t\t\t\t\t\t\t\t\t<p>Desde temprana edad, he explorado mi pasi\u00f3n por el arte, buscando constantemente formas innovadoras de expresar mis ideas. Mi trabajo se inspira en la belleza de lo cotidiano y en las emociones que nos conectan. A trav\u00e9s de mi portafolio, comparto no solo mis piezas, sino tambi\u00e9n la historia detr\u00e1s de cada una, buscando resonar con cada espectador.<\/p>\t\t\t\t\t\t\t\t<\/div>\n\t\t\t\t<div class=\"elementor-element elementor-element-1a31dc62 elementor-widget elementor-widget-blockquote\" data-id=\"1a31dc62\" data-element_type=\"widget\" data-widget_type=\"blockquote.default\">\n\t\t\t\t<div class=\"elementor-widget-container\">\n\t\t\t\t\t \t\t\t\t<\/div>\n\t\t\t\t<\/div>\n\t\t\t\t<div class=\"elementor-element elementor-element-646ab613 elementor-widget__width-auto elementor-widget elementor-widget-button\" data-id=\"646ab613\" data-element_type=\"widget\" data-widget_type=\"button.default\">\n\t\t\t\t\t\t\t\t\t\t<a class=\"elementor-button elementor-button-link elementor-size-sm\" href=\"#\">\n\t\t\t\t\t\t<span class=\"elementor-button-content-wrapper\">\n\t\t\t\t\t\t\t\t\t<span class=\"elementor-button-text\">Descubre mis obras<\/span>\n\t\t\t\t\t<\/span>\n\t\t\t\t\t<\/a>\n\t\t\t\t\t\t\t\t<\/div>\n\t\t\t\t<\/div>\n\t\t\t\t\t<\/div>\n\t\t\t\t<\/div>\n\t\t<div class=\"elementor-element elementor-element-19dfd242 e-flex e-con-boxed e-con e-parent\" data-id=\"19dfd242\" data-element_type=\"container\">\n\t\t\t\t\t<div class=\"e-con-inner\">\n\t\t\t\t<div class=\"elementor-element elementor-element-554ffdc2 elementor-widget elementor-widget-heading\" data-id=\"554ffdc2\" data-element_type=\"widget\" data-widget_type=\"heading.default\">\n\t\t\t\t\t<h2 class=\"elementor-heading-title elementor-size-default\">Galer\u00eda de Obras<\/h2>\t\t\t\t<\/div>\n\t\t\t\t<div class=\"elementor-element elementor-element-f23a5f6 elementor-widget elementor-widget-heading\" data-id=\"f23a5f6\" data-element_type=\"widget\" data-widget_type=\"heading.default\">\n\t\t\t\t\t<h5 class=\"elementor-heading-title elementor-size-default\">Explora nuestras obras m\u00e1s destacadas, cada una cuenta una historia \u00fanica y refleja la esencia de nuestro arte.<\/h5>\t\t\t\t<\/div>\n\t\t<div class=\"elementor-element elementor-element-1193254a e-grid e-con-boxed e-con e-child\" data-id=\"1193254a\" data-element_type=\"container\">\n\t\t\t\t\t<div class=\"e-con-inner\">\n\t\t\t\t\t<\/div>\n\t\t\t\t<\/div>\n\t\t\t\t\t<\/div>\n\t\t\t\t<\/div>\n\t\t<div class=\"elementor-element elementor-element-4f5a60ba e-flex e-con-boxed e-con e-parent\" data-id=\"4f5a60ba\" data-element_type=\"container\">\n\t\t\t\t\t<div class=\"e-con-inner\">\n\t\t<div class=\"elementor-element elementor-element-2f0c6289 e-con-full e-flex e-con e-child\" data-id=\"2f0c6289\" data-element_type=\"container\">\n\t\t\t\t<div class=\"elementor-element elementor-element-69270f72 elementor-widget elementor-widget-heading\" data-id=\"69270f72\" data-element_type=\"widget\" data-widget_type=\"heading.default\">\n\t\t\t\t\t<h2 class=\"elementor-heading-title elementor-size-default\">Nuestros Servicios<\/h2>\t\t\t\t<\/div>\n\t\t\t\t<div class=\"elementor-element elementor-element-7e5c7378 elementor-widget__width-initial elementor-widget elementor-widget-heading\" data-id=\"7e5c7378\" data-element_type=\"widget\" data-widget_type=\"heading.default\">\n\t\t\t\t\t<h5 class=\"elementor-heading-title elementor-size-default\">Aqu\u00ed encontrar\u00e1s un resumen de nuestros servicios principales, dise\u00f1ados para resaltar lo que ofrecemos.<\/h5>\t\t\t\t<\/div>\n\t\t\t\t<\/div>\n\t\t<div class=\"elementor-element elementor-element-6f92fce3 e-con-full e-flex e-con e-child\" data-id=\"6f92fce3\" data-element_type=\"container\">\n\t\t\t\t<div class=\"elementor-element elementor-element-3c6fbf81 elementor-widget-tablet__width-initial elementor-widget-mobile__width-inherit elementor-widget__width-initial elementor-position-top elementor-widget elementor-widget-image-box\" data-id=\"3c6fbf81\" data-element_type=\"widget\" data-widget_type=\"image-box.default\">\n\t\t\t\t\t<div class=\"elementor-image-box-wrapper\"><div class=\"elementor-image-box-content\"><h4 class=\"elementor-image-box-title\">Obras en Tinta<\/h4><p class=\"elementor-image-box-description\">Crea una conexi\u00f3n \u00fanica con el arte mediante nuestras obras en tinta, ideales para los amantes de los detalles.<\/p><\/div><\/div>\t\t\t\t<\/div>\n\t\t\t\t<div class=\"elementor-element elementor-element-cc7a4b0 elementor-widget-tablet__width-initial elementor-widget-mobile__width-inherit elementor-widget__width-initial elementor-position-top elementor-widget elementor-widget-image-box\" data-id=\"cc7a4b0\" data-element_type=\"widget\" data-widget_type=\"image-box.default\">\n\t\t\t\t\t<div class=\"elementor-image-box-wrapper\"><div class=\"elementor-image-box-content\"><h4 class=\"elementor-image-box-title\">Acuarelas Personalizadas<\/h4><p class=\"elementor-image-box-description\">Descubre la suavidad y color en nuestras acuarelas, perfectas para personalizar tu espacio con elegancia.<\/p><\/div><\/div>\t\t\t\t<\/div>\n\t\t\t\t<div class=\"elementor-element elementor-element-1ca94a41 elementor-widget-tablet__width-initial elementor-widget-mobile__width-inherit elementor-widget__width-initial elementor-position-top elementor-widget elementor-widget-image-box\" data-id=\"1ca94a41\" data-element_type=\"widget\" data-widget_type=\"image-box.default\">\n\t\t\t\t\t<div class=\"elementor-image-box-wrapper\"><div class=\"elementor-image-box-content\"><h4 class=\"elementor-image-box-title\">T\u00e9cnicas Mixtas<\/h4><p class=\"elementor-image-box-description\">Explora la creatividad sin l\u00edmites con nuestras t\u00e9cnicas mixtas, que transforman lo cotidiano en extraordinario.<\/p><\/div><\/div>\t\t\t\t<\/div>\n\t\t\t\t<\/div>\n\t\t\t\t\t<\/div>\n\t\t\t\t<\/div>\n\t\t<div class=\"elementor-element elementor-element-55316305 e-con-full e-flex e-con e-parent\" data-id=\"55316305\" data-element_type=\"container\">\n\t\t<div class=\"elementor-element elementor-element-7486ba1a e-con-full e-flex e-con e-child\" data-id=\"7486ba1a\" data-element_type=\"container\">\n\t\t\t\t<div class=\"elementor-element elementor-element-f1d0a8a elementor-widget elementor-widget-call-to-action\" data-id=\"f1d0a8a\" data-element_type=\"widget\" data-widget_type=\"call-to-action.default\">\n\t\t\t\t<div class=\"elementor-widget-container\">\n\t\t\t\t\t \t\t\t\t<\/div>\n\t\t\t\t<\/div>\n\t\t\t\t<\/div>\n\t\t<div class=\"elementor-element elementor-element-3c0c82b9 e-con-full e-flex e-con e-child\" data-id=\"3c0c82b9\" data-element_type=\"container\" data-settings=\"{&quot;background_background&quot;:&quot;classic&quot;}\">\n\t\t\t\t<div class=\"elementor-element elementor-element-39784ed6 elementor-widget elementor-widget-heading\" data-id=\"39784ed6\" data-element_type=\"widget\" data-widget_type=\"heading.default\">\n\t\t\t\t\t<h2 class=\"elementor-heading-title elementor-size-default\">Cont\u00e1ctame para tu obra personalizada<\/h2>\t\t\t\t<\/div>\n\t\t\t\t<div class=\"elementor-element elementor-element-36eaf9d7 elementor-widget__width-auto elementor-widget elementor-widget-button\" data-id=\"36eaf9d7\" data-element_type=\"widget\" data-widget_type=\"button.default\">\n\t\t\t\t\t\t\t\t\t\t<a class=\"elementor-button elementor-button-link elementor-size-sm\" href=\"#\">\n\t\t\t\t\t\t<span class=\"elementor-button-content-wrapper\">\n\t\t\t\t\t\t\t\t\t<span class=\"elementor-button-text\">WhatsApp<\/span>\n\t\t\t\t\t<\/span>\n\t\t\t\t\t<\/a>\n\t\t\t\t\t\t\t\t<\/div>\n\t\t\t\t<\/div>\n\t\t\t\t<\/div>\n\t\t\t\t<\/div>\n\t\t","protected":false},"excerpt":{"rendered":"<p>Descubre la belleza del arte contempor\u00e1neo Bienvenido a mi galer\u00eda, un espacio dedicado a mis obras en tinta, acuarela y t\u00e9cnicas mixtas. Te invito a explorar y conectar con cada pieza. Explora ahora Sobre el Artista Desde temprana edad, he explorado mi pasi\u00f3n por el arte, buscando constantemente formas innovadoras de expresar mis ideas. Mi [&hellip;]<\/p>\n","protected":false},"author":1,"featured_media":0,"parent":0,"menu_order":0,"comment_status":"closed","ping_status":"closed","template":"","meta":{"footnotes":""},"class_list":["post-41","page","type-page","status-publish","hentry"],"_hostinger_reach_plugin_has_subscription_block":false,"_hostinger_reach_plugin_is_elementor":false,"_links":{"self":[{"href":"https:\/\/idealabs.cl\/arte\/wp-json\/wp\/v2\/pages\/41","targetHints":{"allow":["GET"]}}],"collection":[{"href":"https:\/\/idealabs.cl\/arte\/wp-json\/wp\/v2\/pages"}],"about":[{"href":"https:\/\/idealabs.cl\/arte\/wp-json\/wp\/v2\/types\/page"}],"author":[{"embeddable":true,"href":"https:\/\/idealabs.cl\/arte\/wp-json\/wp\/v2\/users\/1"}],"replies":[{"embeddable":true,"href":"https:\/\/idealabs.cl\/arte\/wp-json\/wp\/v2\/comments?post=41"}],"version-history":[{"count":4,"href":"https:\/\/idealabs.cl\/arte\/wp-json\/wp\/v2\/pages\/41\/revisions"}],"predecessor-version":[{"id":67,"href":"https:\/\/idealabs.cl\/arte\/wp-json\/wp\/v2\/pages\/41\/revisions\/67"}],"wp:attachment":[{"href":"https:\/\/idealabs.cl\/arte\/wp-json\/wp\/v2\/media?parent=41"}],"curies":[{"name":"wp","href":"https:\/\/api.w.org\/{rel}","templated":true}]}}